{"id":15,"date":"2025-12-08T12:14:14","date_gmt":"2025-12-08T12:14:14","guid":{"rendered":"http:\/\/geekgen1.be\/?page_id=15"},"modified":"2025-12-16T13:28:05","modified_gmt":"2025-12-16T13:28:05","slug":"outils-osint","status":"publish","type":"page","link":"https:\/\/geekgen1.be\/index.php\/outils-osint\/","title":{"rendered":"Outils Divers"},"content":{"rendered":"\n<p><a href=\"https:\/\/www.submarinecablemap.com\">https:\/\/www.submarinecablemap.com<\/a><\/p>\n\n\n\n<p>nettoyer windows de ses outils inutiles (bloatware) Bulk Crap Uninstaller <a href=\"https:\/\/github.com\/Klocman\/Bulk-Crap-Uninstaller\">GitHub &#8211; Klocman\/Bulk-Crap-Uninstaller: Remove large amounts of unwanted applications quickly.<\/a><\/p>\n\n\n\n<p>un doute sur un programme que vous souhaitez retirer ? : Should I Remove It?<\/p>\n\n\n\n<p><a href=\"https:\/\/www.shouldiremoveit.com\/\">https:\/\/www.shouldiremoveit.com\/<\/a><\/p>\n\n\n\n<p>R\u00e9cup\u00e9rer des donn\u00e9es effac\u00e9es sur un disque dur : Autopsy \u2014 Digital<\/p>\n\n\n\n<p>Forensics <a href=\"https:\/\/www.autopsy.com\/\">&lt; https:\/\/www.autopsy.com\/><\/a><\/p>\n\n\n\n<p>optimiser windows pour de meilleures performance (pas en entreprise ! !)<\/p>\n\n\n\n<p>AtlasOS \u2014 An optimized modification of Windows, designed for gamers. <a href=\"https:\/\/atlasos.net\/\">https:\/\/atlasos.net\/<\/a><\/p>\n\n\n\n<p><\/p>\n","protected":false},"excerpt":{"rendered":"<p>https:\/\/www.submarinecablemap.com nettoyer windows de ses outils inutiles (bloatware) Bulk Crap Uninstaller GitHub &#8211; Klocman\/Bulk-Crap-Uninstaller: Remove large amounts of unwanted applications quickly. un doute sur un programme que vous souhaitez retirer ? : Should I Remove It? https:\/\/www.shouldiremoveit.com\/ R\u00e9cup\u00e9rer des donn\u00e9es effac\u00e9es sur un disque dur : Autopsy \u2014 Digital Forensics &lt; https:\/\/www.autopsy.com\/> optimiser windows pour &hellip; <a href=\"https:\/\/geekgen1.be\/index.php\/outils-osint\/\" class=\"more-link\">Continue reading <span class=\"screen-reader-text\">Outils Divers<\/span><\/a><\/p>\n","protected":false},"author":1,"featured_media":0,"parent":0,"menu_order":0,"comment_status":"closed","ping_status":"closed","template":"","meta":{"footnotes":""},"class_list":["post-15","page","type-page","status-publish","hentry"],"_links":{"self":[{"href":"https:\/\/geekgen1.be\/index.php\/wp-json\/wp\/v2\/pages\/15","targetHints":{"allow":["GET"]}}],"collection":[{"href":"https:\/\/geekgen1.be\/index.php\/wp-json\/wp\/v2\/pages"}],"about":[{"href":"https:\/\/geekgen1.be\/index.php\/wp-json\/wp\/v2\/types\/page"}],"author":[{"embeddable":true,"href":"https:\/\/geekgen1.be\/index.php\/wp-json\/wp\/v2\/users\/1"}],"replies":[{"embeddable":true,"href":"https:\/\/geekgen1.be\/index.php\/wp-json\/wp\/v2\/comments?post=15"}],"version-history":[{"count":4,"href":"https:\/\/geekgen1.be\/index.php\/wp-json\/wp\/v2\/pages\/15\/revisions"}],"predecessor-version":[{"id":29,"href":"https:\/\/geekgen1.be\/index.php\/wp-json\/wp\/v2\/pages\/15\/revisions\/29"}],"wp:attachment":[{"href":"https:\/\/geekgen1.be\/index.php\/wp-json\/wp\/v2\/media?parent=15"}],"curies":[{"name":"wp","href":"https:\/\/api.w.org\/{rel}","templated":true}]}}