{"id":34,"date":"2025-12-22T11:08:11","date_gmt":"2025-12-22T11:08:11","guid":{"rendered":"https:\/\/geekgen1.be\/?page_id=34"},"modified":"2025-12-22T11:23:25","modified_gmt":"2025-12-22T11:23:25","slug":"prompts-ia","status":"publish","type":"page","link":"https:\/\/geekgen1.be\/index.php\/prompts-ia\/","title":{"rendered":"prompts ia"},"content":{"rendered":"\n<p>\u00ab Analyse experte d\u2019un CSC technique (march\u00e9s publics IT) avec livrables suivants : Avis sur lisibilit\u00e9 pour public averti. Identification des zones ambigu\u00ebs (technique\/juridique\/logistique). Liste des termes \u00e0 inclure dans glossaire (d\u00e9finitions simples). Recommandations de mise en forme (tableaux, sch\u00e9mas, synth\u00e8ses). Format imp\u00e9ratif : Structuration par registres (Technique, Juridique, Logistique). Phrases courtes, concepts cl\u00e9s en gras. Livrable orient\u00e9 action (pas de paragraphes denses). \u00bb<\/p>\n\n\n\n<p><\/p>\n","protected":false},"excerpt":{"rendered":"<p>\u00ab Analyse experte d\u2019un CSC technique (march\u00e9s publics IT) avec livrables suivants : Avis sur lisibilit\u00e9 pour public averti. Identification des zones ambigu\u00ebs (technique\/juridique\/logistique). Liste des termes \u00e0 inclure dans glossaire (d\u00e9finitions simples). Recommandations de mise en forme (tableaux, sch\u00e9mas, synth\u00e8ses). Format imp\u00e9ratif : Structuration par registres (Technique, Juridique, Logistique). Phrases courtes, concepts cl\u00e9s en &hellip; <a href=\"https:\/\/geekgen1.be\/index.php\/prompts-ia\/\" class=\"more-link\">Continue reading <span class=\"screen-reader-text\">prompts ia<\/span><\/a><\/p>\n","protected":false},"author":1,"featured_media":0,"parent":0,"menu_order":0,"comment_status":"closed","ping_status":"closed","template":"","meta":{"footnotes":""},"class_list":["post-34","page","type-page","status-publish","hentry"],"_links":{"self":[{"href":"https:\/\/geekgen1.be\/index.php\/wp-json\/wp\/v2\/pages\/34","targetHints":{"allow":["GET"]}}],"collection":[{"href":"https:\/\/geekgen1.be\/index.php\/wp-json\/wp\/v2\/pages"}],"about":[{"href":"https:\/\/geekgen1.be\/index.php\/wp-json\/wp\/v2\/types\/page"}],"author":[{"embeddable":true,"href":"https:\/\/geekgen1.be\/index.php\/wp-json\/wp\/v2\/users\/1"}],"replies":[{"embeddable":true,"href":"https:\/\/geekgen1.be\/index.php\/wp-json\/wp\/v2\/comments?post=34"}],"version-history":[{"count":2,"href":"https:\/\/geekgen1.be\/index.php\/wp-json\/wp\/v2\/pages\/34\/revisions"}],"predecessor-version":[{"id":37,"href":"https:\/\/geekgen1.be\/index.php\/wp-json\/wp\/v2\/pages\/34\/revisions\/37"}],"wp:attachment":[{"href":"https:\/\/geekgen1.be\/index.php\/wp-json\/wp\/v2\/media?parent=34"}],"curies":[{"name":"wp","href":"https:\/\/api.w.org\/{rel}","templated":true}]}}